{"id":6272,"date":"2018-06-11T15:49:31","date_gmt":"2018-06-11T14:49:31","guid":{"rendered":"https:\/\/hejsweden.com\/?page_id=6272"},"modified":"2024-04-30T11:14:23","modified_gmt":"2024-04-30T10:14:23","slug":"pronunciation-of-swedish-words-in-how-to-be-swedish-book","status":"publish","type":"page","link":"https:\/\/hejsweden.com\/en\/pronunciation-of-swedish-words-in-how-to-be-swedish-book\/","title":{"rendered":"Pronunciation of Swedish Words from the book &#8220;How to be Swedish&#8221;"},"content":{"rendered":"<p>Below the sound file with me saying all the Swedish words and phrases from the book &#8220;<em><a href=\"https:\/\/amzn.to\/2OKs491\" target=\"_blank\" rel=\"noopener\">How to be Swedish: A Quick Guide to Swedishness &#8211; In 55 Steps<\/a><\/em>&#8221; \/ &#8220;<a href=\"https:\/\/amzn.to\/2OKhKhp\"><em>Schweden f\u00fcr Anf\u00e4nger<\/em><\/a>&#8221; (with a slight German accent ;) )<\/p>\n<p>I hope this helps you next time you&#8217;re in Sweden and want to talk to or just understand the Swedes around you! :)<\/p>\n<p><iframe loading=\"lazy\" src=\"https:\/\/w.soundcloud.com\/player\/?url=https%3A\/\/api.soundcloud.com\/tracks\/481105560&amp;color=%23ff5500&amp;auto_play=false&amp;hide_related=false&amp;show_comments=true&amp;show_user=true&amp;show_reposts=false&amp;show_teaser=true&amp;visual=true\" width=\"100%\" height=\"300\" frameborder=\"no\" scrolling=\"no\"><\/iframe><\/p>\n<p>In order of appearance:<\/p>\n<h3>Step 1 &#8211; Say &#8220;Hej&#8221;<\/h3>\n<p>Hej<\/p><div id=\"hejsw-2287777820\" class=\"hejsw-content-sfa-desktop-and-tablet-1 hejsw-entity-placement\" style=\"margin-left: auto;margin-right: auto;text-align: center;\"><a href=\"https:\/\/amzn.to\/3eu3RS1\" target=\"_blank\" aria-label=\"Book about Sweden - How to be Swedish\"><img loading=\"lazy\" decoding=\"async\" src=\"https:\/\/hejsweden.com\/wp-content\/uploads\/2020\/11\/HtbS-ad-main-220420-1-1.png\" alt=\"Book about Sweden - How to be Swedish\"  srcset=\"https:\/\/hejsweden.com\/wp-content\/uploads\/2020\/11\/HtbS-ad-main-220420-1-1.png 900w, https:\/\/hejsweden.com\/wp-content\/uploads\/2020\/11\/HtbS-ad-main-220420-1-1-800x600.png 800w, https:\/\/hejsweden.com\/wp-content\/uploads\/2020\/11\/HtbS-ad-main-220420-1-1-300x225.png 300w, https:\/\/hejsweden.com\/wp-content\/uploads\/2020\/11\/HtbS-ad-main-220420-1-1-768x576.png 768w\" sizes=\"(max-width: 900px) 100vw, 900px\" class=\"no-lazyload\" width=\"900\" height=\"675\"   \/><\/a><\/div>\n<p>Hej d\u00e5<\/p>\n<p>God morgon\/dag\/kv\u00e4ll<\/p>\n<p>Goddagens<\/p>\n<p>Hall\u00e5<\/p>\n<p>Tjenare<\/p>\n<p>Tja<\/p>\n<p>Tjabba<\/p>\n<p>Jag pratar inte svenska<\/p>\n<h3>Step 2 &#8211; Have Many Coffee Breaks Called Fika<\/h3>\n<p>Fika<\/p>\n<p>Fikarast<\/p>\n<p>Fikapaus<\/p>\n<p>Fikabr\u00f6d<\/p>\n<p>Kanelbullar<\/p>\n<p>Tv\u00e4ttid<\/p>\n<h3>Step 3 &#8211; Be Obsessed with Summer and Sunshine<\/h3>\n<p>Gr\u00e4smatta<\/p>\n<p>Sommar<\/p>\n<p>V\u00e5r<\/p>\n<p>H\u00f6st<\/p>\n<p>&#8230; \u00e4ter glass i solen.<\/p>\n<h3>Step 4 &#8211; Take off Your Shoes<\/h3>\n<p>N\u00e4men, hejjj!<\/p>\n<p>V\u00e4lkommen in!<\/p>\n<p>Skohylla<\/p>\n<p>Ta av dig skorna!<\/p>\n<h3>Step 5 &#8211; Avoid Your Neighbors<\/h3>\n<p>Laktosfri mellanmj\u00f6lk<\/p>\n<p>Tjeeena! Vilket fint v\u00e4der idag!<\/p>\n<p>Titth\u00e5l<\/p>\n<h3>Step 6 &#8211; Avoid the Moose<\/h3>\n<p>\u00c4lg<\/p>\n<p>\u00c4lgjakt<\/p>\n<h3>Step 7 &#8211; Speak Swedish<\/h3>\n<p>Sk\u00e5ne<\/p>\n<p>En<\/p>\n<p>Ett<\/p>\n<p>Jag gillar \u00e4lgar och Drottning Silvia<\/p>\n<p>Farthinder<\/p>\n<p>Fackf\u00f6rening<\/p>\n<p>Bra<\/p>\n<p>Knullruffs<\/p>\n<p>Olla<\/p>\n<h3>Step 8 &#8211; Look for the Ticket Dispenser<\/h3>\n<p>Nummerlapp-automat<\/p>\n<h3>Step 9 &#8211; Own an Osthyvel<\/h3>\n<p>Osthyvel<\/p>\n<p>En ostmacka, tack!<\/p>\n<p>En osthyvel, kanske?<\/p>\n<p>Kn\u00e4ckebr\u00f6d<\/p>\n<p>Ostmackor<\/p>\n<h3>Step 10 &#8211; Drink Tap Water<\/h3>\n<p>Ett glas vatten, tack!<\/p>\n<p>Min kompis beh\u00f6ver ett glas vatten!<\/p>\n<h3>Step 11 &#8211; Have Mixed Feelings about the Royal Family<\/h3>\n<p>Carl den sextonde Gusaf<\/p>\n<p>Dela ut pris och klippa band<\/p>\n<h3>Step 12 &#8211; Love Swedish Nature<\/h3>\n<p>Bj\u00f6rn<\/p>\n<p>\u00c5slund<\/p>\n<p>Blomqvist<\/p>\n<h3>Step 13 &#8211; Don&#8217;t Work in July<\/h3>\n<p>Inte okej<\/p>\n<p>Sommarstuga<\/p>\n<h3>Step 14 &#8211; Dress like a Swede<\/h3>\n<p>R\u00e5ttf\u00e4rg<\/p>\n<p>Stiligt<\/p>\n<h3>Step 15 &#8211; Quit Smoking, Have Snus Instead<\/h3>\n<p>Snus<\/p>\n<h3>Step 16 &#8211; Have Three Goals in Life: Villa, Volvo, Vovve<\/h3>\n<p>Villa<\/p>\n<p>Volvo<\/p>\n<p>Vuvve<\/p>\n<p>Kombi<\/p>\n<p>Sch\u00e4fer<\/p>\n<p>Molly<\/p>\n<p>Ludde<\/p>\n<h3>Step 17 &#8211; Understand Swedish Beer Classification<\/h3>\n<p>Filmj\u00f6lk<\/p>\n<p>L\u00e4tt\u00f6l<\/p>\n<p>L\u00e4tt folk\u00f6l<\/p>\n<p>Folk\u00f6l<\/p>\n<p>Mellan\u00f6l<\/p>\n<p>Stark\u00f6l<\/p>\n<p>Stor stark<\/p>\n<p>En \u00f6l, tack!<\/p>\n<p>En stor stark, tack!<\/p>\n<h3>Step 18 &#8211; Be Able to Sing ABBA Songs<\/h3>\n<p>Agnetha F\u00e4ltskog<\/p>\n<p>Bj\u00f6rn Ulvaeus<\/p>\n<p>Benny Andersson<\/p>\n<p>Anni-Frid Lyngstad<\/p>\n<h3>Step 19 &#8211; Swear Like a Swede<\/h3>\n<p>Hoppsan<\/p>\n<p>Oj<\/p>\n<p>Allts\u00e5 n\u00e4\u00e4\u00e4h<\/p>\n<p>Fan<\/p>\n<p>J\u00e4vla<\/p>\n<p>Helvete<\/p>\n<p>Skit<\/p>\n<p>Skitst\u00f6vel<\/p>\n<p>Skitbil<\/p>\n<p>Skitsamma<\/p>\n<p>Irritation<\/p>\n<p>Fitta<\/p>\n<p>Kuk<\/p>\n<p>Kock<\/p>\n<p>Sjutton<\/p>\n<h3>Step 20 &#8211; Know How to Prepare K\u00f6ttbullar<\/h3>\n<p>K\u00f6ttbullar<\/p>\n<p>K\u00f6ttf\u00e4rss\u00e5s<\/p>\n<p>Kokt potatis<\/p>\n<h3>Step 21 &#8211; Appreciate Flat Hierarchies<\/h3>\n<p>Kronprinsessan<\/p>\n<p>Stureplan<\/p>\n<p>Consensus<\/p>\n<h3>Step 22 &#8211; Be Safety-Conscious<\/h3>\n<p>Reflexv\u00e4st<\/p>\n<h3>Step 23 &#8211; Buy a Sommarstuga<\/h3>\n<p>R\u00f6d stuga<\/p>\n<p>Utedass<\/p>\n<p>Sk\u00e4rg\u00e5rd<\/p>\n<h3>Step 24 &#8211; Be Bad at Small Talk<\/h3>\n<p>Tacokv\u00e4ll<\/p>\n<h3>Step 25 &#8211; Fear Magsjuka<\/h3>\n<p>Magsjuka<\/p>\n<p>\u00c4ckligt<\/p>\n<p>Handsprit<\/p>\n<p>Tunnelbana<\/p>\n<h3>Step 26 &#8211; Sing the Swedish Happy Birthday Song<\/h3>\n<p>Tack!<\/p>\n<p>Melodifestivalen<\/p>\n<p>Swedish birthday song:<\/p>\n<p>Ja, m\u00e5 han leva!<br \/>\nJa, m\u00e5 han leva!<br \/>\nJa, m\u00e5 han leva uti hundrade \u00e5r!<br \/>\nJavisst ska han leva!<br \/>\nJavisst ska han leva!<br \/>\nJavisst ska han leva uti hundrade \u00e5r!<br \/>\nOch n\u00e4r han har levat<br \/>\nOch n\u00e4r han har levat<br \/>\nOch n\u00e4r han har levat uti hundrade \u00e5r!<br \/>\nJa, d\u00e5 ska han skjutas<br \/>\nJa, d\u00e5 ska han skjutas<br \/>\nJa, d\u00e5 ska han skjutas p\u00e5 en skottk\u00e4rra fram!<\/p>\n<p>Here the song without the &#8220;Ett fyrfaldigt han leve &#8230; hurra, hurra, hurra, hurra!&#8221;, including a second verse.<\/p>\n<p><iframe loading=\"lazy\" src=\"https:\/\/www.youtube-nocookie.com\/embed\/jPxOS7jSzdQ?rel=0\" width=\"560\" height=\"315\" frameborder=\"0\" allowfullscreen=\"allowfullscreen\"><\/iframe><\/p>\n<h3>Step 27 &#8211; Give a Red Dala Horse to Sweden Visitors<\/h3>\n<p>Dalah\u00e4st<\/p>\n<p>Gamla Stan<\/p>\n<h3>Step 28 &#8211; Be Proud of Your Viking Ancestry<\/h3>\n<p>Vikingarna<\/p>\n<h3>Step 29 &#8211; Dream of Living Abroad, for a While<\/h3>\n<p>Lite tr\u00e5kiga<\/p>\n<h3>Step 30 &#8211; Get a Swedish Personal Identity Number<\/h3>\n<p>Personnummer<\/p>\n<p>Skatteverket<\/p>\n<h3>Step 31 &#8211; Get Used to Swedish Healthcare<\/h3>\n<p>F\u00f6rs\u00e4kringskassan<\/p>\n<p>H\u00f6gkostnadsskydd<\/p>\n<p>Avvakta lite och ta en Alvedon first.<\/p>\n<p>V\u00e5rdcentral<\/p>\n<p>V\u00e5rdgaranti<\/p>\n<h3>Step 32 &#8211; Be Nice to the Evironment<\/h3>\n<p>Bra f\u00f6r milj\u00f6n<\/p>\n<p>Milj\u00f6v\u00e4nligt<\/p>\n<p>REA (sales)<\/p>\n<p>Milj\u00f6hus<\/p>\n<h3>Step 33 &#8211; Make Use of the Allemansr\u00e4tten<\/h3>\n<p>Allemansr\u00e4tten<\/p>\n<p>Alla ska ha tillg\u00e5ng till naturen.<\/p>\n<p>Kantareller<\/p>\n<h3>Step 34 &#8211; Avoid Opening a Can of Surstr\u00f6mming<\/h3>\n<p>Surstr\u00f6mming<\/p>\n<p>Snaps<\/p>\n<h3>Step 35 &#8211; Drink Plenty of Strong Coffee<\/h3>\n<p>Kaffe<\/p>\n<h3>Step 36 &#8211; Play an Outdoor Game Called Kubb<\/h3>\n<p>Kubb<\/p>\n<p>Brassestol<\/p>\n<h3>Step 37 &#8211; Enjoy Paying Tax<\/h3>\n<p>Folkhemmet<\/p>\n<h3>Step 38 &#8211; Stop Bothering About Secrecy and Privacy<\/h3>\n<p>Offentlighetsprincipen<\/p>\n<p>Tryckfrihetsf\u00f6rodning<\/p>\n<h3>Step 39 &#8211; Be Proud of Swedish Innovations<\/h3>\n<p>Saab<\/p>\n<p>Skarsg\u00e5rd<\/p>\n<h3>Step 40 &#8211; Get a Swedish First- &amp; Last Name<\/h3>\n<p>Str\u00f6m \u2013 stream (river)<br \/>\nBerg \u2013 mountain\/hill<br \/>\nLind \u2013 linden<br \/>\nEk \u2013 oak<br \/>\nSj\u00f6 \u2013 lake\/sea<br \/>\nSund \u2013 sea gate\/strait<br \/>\n\u00c5 \u2013 small stream\/creek<br \/>\n\u00d6 \u2013 island<br \/>\nBj\u00f6rk \u2013 birch<br \/>\nNy \u2013 new<br \/>\nS\u00f6der \u2013 south<br \/>\nLund \u2013 small forrest<br \/>\nGren \u2013 branch<br \/>\nFors \u2013 cataract<br \/>\nVik \u2013 bay<br \/>\nHolm \u2013 little island<br \/>\nQvist\/Kvist \u2013 twig<\/p>\n<h3>Step 41 &#8211; Have a Fredagsmys<\/h3>\n<p>Fredagsmys<\/p>\n<p>Tacokv\u00e4ll<\/p>\n<h3>Step 42 &#8211; Find it Difficult to Receive a Favor<\/h3>\n<p>Tack!<\/p>\n<p>Swisha tillbaks pengarna<\/p>\n<h3>Step 43 &#8211; Pick a typical Swedish Sport<\/h3>\n<p>Motionera<\/p>\n<p>Foppa (Peter Forsberg)<\/p>\n<p>Tre Kronor<\/p>\n<p>Innebandy<\/p>\n<p>Orientering<\/p>\n<h3>Step 44 &#8211; Hoist the Swedish Flag<\/h3>\n<p>Bl\u00e5 gul<\/p>\n<h3>Step 45 &#8211; Drink (Alcohol) Like a Swede<\/h3>\n<p>Br\u00e4nnvin<\/p>\n<p>Systembolaget<\/p>\n<p>Systemet<\/p>\n<p>Smygalkoholist<\/p>\n<p>Vad?! Ska du inte dricka ikv\u00e4ll?<\/p>\n<p>Fylle sms<\/p>\n<p>Fylle\u00e5ngest<\/p>\n<p>Tjeeeenare! Hur \u00e4r l\u00e4get?<\/p>\n<h3>Step 46 &#8211; Follow the <em>Jantelagen<\/em><\/h3>\n<p>Jantelagen<\/p>\n<p>Vem tror den h\u00e4r m\u00e4nniskan att han\/hon \u00e4r?!<\/p>\n<h3>Step 47 &#8211; Lagom<\/h3>\n<p>Lagom<\/p>\n<p>Lagom varm<\/p>\n<p>Lagom kul att jag brutit benen<\/p>\n<p>Han \u00e4r ju lagom smart<\/p>\n<h3>Step 48 &#8211; Eat Candy on Saturdays<\/h3>\n<p>L\u00f6rdagsgodis<\/p>\n<p>Naturgodis<\/p>\n<p>Saltlakrits<\/p>\n<p>Godisp\u00e5se<\/p>\n<p>Kex<\/p>\n<p>Pingvinst\u00e5ng<\/p>\n<h3>Step 49 &#8211; Take Music and Singing Seriously<\/h3>\n<h3>Step 50 &#8211; Have a Liberal Attitude Towards Sex<\/h3>\n<p>Hon dansade en sommar<\/p>\n<p>Sommaren med Monika<\/p>\n<p>Knullkompis<\/p>\n<p>Swisha pengarna<\/p>\n<h3>Step 51 &#8211; Party Like a Swede<\/h3>\n<p>N\u00e4men tjeeena!<\/p>\n<p>Snygging<\/p>\n<p>Nu drar vi!<\/p>\n<p>Snapsvisa<\/p>\n<p>Fylle-sms<\/p>\n<p>Vad drycker du f\u00f6r n\u00e5got<\/p>\n<p>En vodka shot , tack!<\/p>\n<p>Fyra eller sexa?<\/p>\n<p>Sk\u00e5l!<\/p>\n<h3>Step 52 &#8211; Celebrate Swedish Traditions<\/h3>\n<p>P\u00e5sk<\/p>\n<p>&nbsp;<\/p>\n<p>Tack Sverige!<\/p>\n","protected":false},"excerpt":{"rendered":"<p>Below the sound file with me saying all the Swedish words and phrases from the book &#8220;How to be Swedish: A Quick Guide to Swedishness &#8211; In 55 Steps&#8221; \/ &#8220;Schweden f\u00fcr Anf\u00e4nger&#8221; (with a &#8230; <a title=\"Pronunciation of Swedish Words from the book &#8220;How to be Swedish&#8221;\" class=\"read-more\" href=\"https:\/\/hejsweden.com\/en\/pronunciation-of-swedish-words-in-how-to-be-swedish-book\/\" aria-label=\"Read more about Pronunciation of Swedish Words from the book &#8220;How to be Swedish&#8221;\">Read more<\/a><\/p>\n","protected":false},"author":6,"featured_media":0,"parent":0,"menu_order":0,"comment_status":"closed","ping_status":"closed","template":"","meta":{"generate_page_header":"","footnotes":""},"class_list":{"0":"post-6272","1":"page","2":"type-page","3":"status-publish","5":"infinite-scroll-item"},"yoast_head":"<!-- This site is optimized with the Yoast SEO plugin v27.4 - https:\/\/yoast.com\/product\/yoast-seo-wordpress\/ -->\n<title>Pronunciation of Swedish Words from the book &quot;How to be Swedish&quot; - Hej Sweden<\/title>\n<meta name=\"robots\" content=\"index, follow, max-snippet:-1, max-image-preview:large, max-video-preview:-1\" \/>\n<link rel=\"canonical\" href=\"https:\/\/hejsweden.com\/en\/pronunciation-of-swedish-words-in-how-to-be-swedish-book\/\" \/>\n<meta property=\"og:locale\" content=\"en_US\" \/>\n<meta property=\"og:type\" content=\"article\" \/>\n<meta property=\"og:title\" content=\"Pronunciation of Swedish Words from the book &quot;How to be Swedish&quot; - Hej Sweden\" \/>\n<meta property=\"og:description\" content=\"Below the sound file with me saying all the Swedish words and phrases from the book &#8220;How to be Swedish: A Quick Guide to Swedishness &#8211; In 55 Steps&#8221; \/ &#8220;Schweden f\u00fcr Anf\u00e4nger&#8221; (with a ... Read more\" \/>\n<meta property=\"og:url\" content=\"https:\/\/hejsweden.com\/en\/pronunciation-of-swedish-words-in-how-to-be-swedish-book\/\" \/>\n<meta property=\"og:site_name\" content=\"Hej Sweden\" \/>\n<meta property=\"article:publisher\" content=\"https:\/\/www.facebook.com\/HejSweden\" \/>\n<meta property=\"article:modified_time\" content=\"2024-04-30T10:14:23+00:00\" \/>\n<meta property=\"og:image\" content=\"https:\/\/hejsweden.com\/wp-content\/uploads\/2020\/04\/Hej-Sweden-Logo-2020-03-3-blue-menu-HS-2.jpg\" \/>\n\t<meta property=\"og:image:width\" content=\"597\" \/>\n\t<meta property=\"og:image:height\" content=\"162\" \/>\n\t<meta property=\"og:image:type\" content=\"image\/jpeg\" \/>\n<meta name=\"twitter:card\" content=\"summary_large_image\" \/>\n<meta name=\"twitter:site\" content=\"@HejSweden\" \/>\n<meta name=\"twitter:label1\" content=\"Est. reading time\" \/>\n\t<meta name=\"twitter:data1\" content=\"4 minutes\" \/>\n<script type=\"application\/ld+json\" class=\"yoast-schema-graph\">{\"@context\":\"https:\\\/\\\/schema.org\",\"@graph\":[{\"@type\":\"WebPage\",\"@id\":\"https:\\\/\\\/hejsweden.com\\\/en\\\/pronunciation-of-swedish-words-in-how-to-be-swedish-book\\\/\",\"url\":\"https:\\\/\\\/hejsweden.com\\\/en\\\/pronunciation-of-swedish-words-in-how-to-be-swedish-book\\\/\",\"name\":\"Pronunciation of Swedish Words from the book \\\"How to be Swedish\\\" - Hej Sweden\",\"isPartOf\":{\"@id\":\"https:\\\/\\\/hejsweden.com\\\/en\\\/#website\"},\"datePublished\":\"2018-06-11T14:49:31+00:00\",\"dateModified\":\"2024-04-30T10:14:23+00:00\",\"inLanguage\":\"en-US\",\"potentialAction\":[{\"@type\":\"ReadAction\",\"target\":[\"https:\\\/\\\/hejsweden.com\\\/en\\\/pronunciation-of-swedish-words-in-how-to-be-swedish-book\\\/\"]}]},{\"@type\":\"WebSite\",\"@id\":\"https:\\\/\\\/hejsweden.com\\\/en\\\/#website\",\"url\":\"https:\\\/\\\/hejsweden.com\\\/en\\\/\",\"name\":\"Hej Sweden\",\"description\":\"Experience Sweden &amp; Swedish Culture\",\"publisher\":{\"@id\":\"https:\\\/\\\/hejsweden.com\\\/en\\\/#organization\"},\"potentialAction\":[{\"@type\":\"SearchAction\",\"target\":{\"@type\":\"EntryPoint\",\"urlTemplate\":\"https:\\\/\\\/hejsweden.com\\\/en\\\/?s={search_term_string}\"},\"query-input\":{\"@type\":\"PropertyValueSpecification\",\"valueRequired\":true,\"valueName\":\"search_term_string\"}}],\"inLanguage\":\"en-US\"},{\"@type\":\"Organization\",\"@id\":\"https:\\\/\\\/hejsweden.com\\\/en\\\/#organization\",\"name\":\"Hej Sweden\",\"url\":\"https:\\\/\\\/hejsweden.com\\\/en\\\/\",\"logo\":{\"@type\":\"ImageObject\",\"inLanguage\":\"en-US\",\"@id\":\"https:\\\/\\\/hejsweden.com\\\/en\\\/#\\\/schema\\\/logo\\\/image\\\/\",\"url\":\"https:\\\/\\\/hejsweden.com\\\/wp-content\\\/uploads\\\/2020\\\/04\\\/Hej-Sweden-Logo-2020-03-3-blue-menu-HS-2.jpg\",\"contentUrl\":\"https:\\\/\\\/hejsweden.com\\\/wp-content\\\/uploads\\\/2020\\\/04\\\/Hej-Sweden-Logo-2020-03-3-blue-menu-HS-2.jpg\",\"width\":597,\"height\":162,\"caption\":\"Hej Sweden\"},\"image\":{\"@id\":\"https:\\\/\\\/hejsweden.com\\\/en\\\/#\\\/schema\\\/logo\\\/image\\\/\"},\"sameAs\":[\"https:\\\/\\\/www.facebook.com\\\/HejSweden\",\"https:\\\/\\\/x.com\\\/HejSweden\",\"https:\\\/\\\/instagram.com\\\/schwedenbilder\\\/\",\"https:\\\/\\\/www.linkedin.com\\\/company\\\/hej-sweden\\\/\",\"https:\\\/\\\/www.pinterest.com\\\/hejsweden\\\/\",\"https:\\\/\\\/www.youtube.com\\\/user\\\/HejSwedenTV\"]}]}<\/script>\n<!-- \/ Yoast SEO plugin. -->","yoast_head_json":{"title":"Pronunciation of Swedish Words from the book \"How to be Swedish\" - Hej Sweden","robots":{"index":"index","follow":"follow","max-snippet":"max-snippet:-1","max-image-preview":"max-image-preview:large","max-video-preview":"max-video-preview:-1"},"canonical":"https:\/\/hejsweden.com\/en\/pronunciation-of-swedish-words-in-how-to-be-swedish-book\/","og_locale":"en_US","og_type":"article","og_title":"Pronunciation of Swedish Words from the book \"How to be Swedish\" - Hej Sweden","og_description":"Below the sound file with me saying all the Swedish words and phrases from the book &#8220;How to be Swedish: A Quick Guide to Swedishness &#8211; In 55 Steps&#8221; \/ &#8220;Schweden f\u00fcr Anf\u00e4nger&#8221; (with a ... Read more","og_url":"https:\/\/hejsweden.com\/en\/pronunciation-of-swedish-words-in-how-to-be-swedish-book\/","og_site_name":"Hej Sweden","article_publisher":"https:\/\/www.facebook.com\/HejSweden","article_modified_time":"2024-04-30T10:14:23+00:00","og_image":[{"width":597,"height":162,"url":"https:\/\/hejsweden.com\/wp-content\/uploads\/2020\/04\/Hej-Sweden-Logo-2020-03-3-blue-menu-HS-2.jpg","type":"image\/jpeg"}],"twitter_card":"summary_large_image","twitter_site":"@HejSweden","twitter_misc":{"Est. reading time":"4 minutes"},"schema":{"@context":"https:\/\/schema.org","@graph":[{"@type":"WebPage","@id":"https:\/\/hejsweden.com\/en\/pronunciation-of-swedish-words-in-how-to-be-swedish-book\/","url":"https:\/\/hejsweden.com\/en\/pronunciation-of-swedish-words-in-how-to-be-swedish-book\/","name":"Pronunciation of Swedish Words from the book \"How to be Swedish\" - Hej Sweden","isPartOf":{"@id":"https:\/\/hejsweden.com\/en\/#website"},"datePublished":"2018-06-11T14:49:31+00:00","dateModified":"2024-04-30T10:14:23+00:00","inLanguage":"en-US","potentialAction":[{"@type":"ReadAction","target":["https:\/\/hejsweden.com\/en\/pronunciation-of-swedish-words-in-how-to-be-swedish-book\/"]}]},{"@type":"WebSite","@id":"https:\/\/hejsweden.com\/en\/#website","url":"https:\/\/hejsweden.com\/en\/","name":"Hej Sweden","description":"Experience Sweden &amp; Swedish Culture","publisher":{"@id":"https:\/\/hejsweden.com\/en\/#organization"},"potentialAction":[{"@type":"SearchAction","target":{"@type":"EntryPoint","urlTemplate":"https:\/\/hejsweden.com\/en\/?s={search_term_string}"},"query-input":{"@type":"PropertyValueSpecification","valueRequired":true,"valueName":"search_term_string"}}],"inLanguage":"en-US"},{"@type":"Organization","@id":"https:\/\/hejsweden.com\/en\/#organization","name":"Hej Sweden","url":"https:\/\/hejsweden.com\/en\/","logo":{"@type":"ImageObject","inLanguage":"en-US","@id":"https:\/\/hejsweden.com\/en\/#\/schema\/logo\/image\/","url":"https:\/\/hejsweden.com\/wp-content\/uploads\/2020\/04\/Hej-Sweden-Logo-2020-03-3-blue-menu-HS-2.jpg","contentUrl":"https:\/\/hejsweden.com\/wp-content\/uploads\/2020\/04\/Hej-Sweden-Logo-2020-03-3-blue-menu-HS-2.jpg","width":597,"height":162,"caption":"Hej Sweden"},"image":{"@id":"https:\/\/hejsweden.com\/en\/#\/schema\/logo\/image\/"},"sameAs":["https:\/\/www.facebook.com\/HejSweden","https:\/\/x.com\/HejSweden","https:\/\/instagram.com\/schwedenbilder\/","https:\/\/www.linkedin.com\/company\/hej-sweden\/","https:\/\/www.pinterest.com\/hejsweden\/","https:\/\/www.youtube.com\/user\/HejSwedenTV"]}]}},"featured_image_src":null,"featured_image_src_square":null,"_links":{"self":[{"href":"https:\/\/hejsweden.com\/en\/wp-json\/wp\/v2\/pages\/6272","targetHints":{"allow":["GET"]}}],"collection":[{"href":"https:\/\/hejsweden.com\/en\/wp-json\/wp\/v2\/pages"}],"about":[{"href":"https:\/\/hejsweden.com\/en\/wp-json\/wp\/v2\/types\/page"}],"author":[{"embeddable":true,"href":"https:\/\/hejsweden.com\/en\/wp-json\/wp\/v2\/users\/6"}],"replies":[{"embeddable":true,"href":"https:\/\/hejsweden.com\/en\/wp-json\/wp\/v2\/comments?post=6272"}],"version-history":[{"count":1,"href":"https:\/\/hejsweden.com\/en\/wp-json\/wp\/v2\/pages\/6272\/revisions"}],"predecessor-version":[{"id":14639,"href":"https:\/\/hejsweden.com\/en\/wp-json\/wp\/v2\/pages\/6272\/revisions\/14639"}],"wp:attachment":[{"href":"https:\/\/hejsweden.com\/en\/wp-json\/wp\/v2\/media?parent=6272"}],"curies":[{"name":"wp","href":"https:\/\/api.w.org\/{rel}","templated":true}]}}