{"id":902,"date":"2012-08-02T12:45:29","date_gmt":"2012-08-02T10:45:29","guid":{"rendered":"https:\/\/hejsweden.com\/?page_id=902"},"modified":"2025-10-21T15:54:56","modified_gmt":"2025-10-21T14:54:56","slug":"about","status":"publish","type":"page","link":"https:\/\/hejsweden.com\/en\/about\/","title":{"rendered":"About Hej Sweden and Matthias"},"content":{"rendered":"\n<figure class=\"wp-block-image size-full\"><img loading=\"lazy\" decoding=\"async\" width=\"800\" height=\"546\" src=\"https:\/\/hejsweden.com\/wp-content\/uploads\/2021\/02\/Matthias-Kamann-Hej-Sweden-2021-2.jpg\" alt=\"Matthias Kamann - Hej Sweden\" class=\"wp-image-9146\" srcset=\"https:\/\/hejsweden.com\/wp-content\/uploads\/2021\/02\/Matthias-Kamann-Hej-Sweden-2021-2.jpg 800w, https:\/\/hejsweden.com\/wp-content\/uploads\/2021\/02\/Matthias-Kamann-Hej-Sweden-2021-2-300x205.jpg 300w, https:\/\/hejsweden.com\/wp-content\/uploads\/2021\/02\/Matthias-Kamann-Hej-Sweden-2021-2-768x524.jpg 768w\" sizes=\"auto, (max-width: 800px) 100vw, 800px\" \/><\/figure>\n\n\n\n<p>On this page you find out more about Hej Sweden and the person behind this blog. <\/p>\n\n\n\n<p class=\"has-text-align-left has-background\" style=\"background-color:#f3f3f3\">By the way, <strong>all content on Hej Sweden is written by me, Matthias.<\/strong><br \/><strong>No guest posts!<\/strong><br \/><a href=\"https:\/\/hejsweden.com\/en\/cooperation\/\">Do you want to <strong>cooperate<\/strong> with Hej Sweden? <strong>Here<\/strong> is how.<\/a><\/p>\n\n\n\n<h2 class=\"wp-block-heading\" id=\"hejsan-jag-heter-matthias\"><em>Hejsan, jag heter Matthias!<\/em><\/h2>\n\n\n\n<p><em>Hi, my name is Matthias!<\/em><\/p>\n\n\n\n<p>I think I&#8217;ll just answer a couple of questions I regularly get asked when I meet new people in <a href=\"https:\/\/hejsweden.com\/en\/sweden-faq-questions-and-answers\/\">Sweden<\/a>.<\/p><div id=\"hejsw-884644417\" class=\"hejsw-content-sfa-desktop-and-tablet-1 hejsw-entity-placement\" style=\"margin-left: auto;margin-right: auto;text-align: center;\"><a href=\"https:\/\/amzn.to\/3eu3RS1\" target=\"_blank\" aria-label=\"Book about Sweden - How to be Swedish\"><img loading=\"lazy\" decoding=\"async\" src=\"https:\/\/hejsweden.com\/wp-content\/uploads\/2020\/11\/HtbS-ad-main-220420-1-1.png\" alt=\"Book about Sweden - How to be Swedish\"  srcset=\"https:\/\/hejsweden.com\/wp-content\/uploads\/2020\/11\/HtbS-ad-main-220420-1-1.png 900w, https:\/\/hejsweden.com\/wp-content\/uploads\/2020\/11\/HtbS-ad-main-220420-1-1-800x600.png 800w, https:\/\/hejsweden.com\/wp-content\/uploads\/2020\/11\/HtbS-ad-main-220420-1-1-300x225.png 300w, https:\/\/hejsweden.com\/wp-content\/uploads\/2020\/11\/HtbS-ad-main-220420-1-1-768x576.png 768w\" sizes=\"(max-width: 900px) 100vw, 900px\" class=\"no-lazyload\" width=\"900\" height=\"675\"   \/><\/a><\/div>\n\n\n\n<h3 class=\"wp-block-heading\" id=\"who-are-you\">Who are you?<\/h3>\n\n\n\n<p>My name is Matthias Kamann. When Swedes pronounce my first name it sounds a little like <em><strong>Matteeejjas<\/strong><\/em>.  <\/p>\n\n\n\n<h3 class=\"wp-block-heading\" id=\"where-do-you-live\">Where do you live?<\/h3>\n\n\n\n<p>I live in a cozy town in the South of Sweden, called Kristianstad. People in Kristianstad speak <em>sk\u00e5nska<\/em> which is a Swedish dialect which Swedes from other regions make fun of. Yet, not as much as about my German accent \ud83d\ude05 <\/p>\n\n\n\n<h3 class=\"wp-block-heading\" id=\"how-long-have-you-been-living-in-sweden\">How long have you been living in Sweden?<\/h3>\n\n\n\n<p>For more than 10 years. Most of these years I have been living in <a href=\"https:\/\/hejsweden.com\/en\/travel-guide-vaxjo-smaland-sweden\/\" target=\"_blank\" rel=\"noreferrer noopener\">V\u00e4xj\u00f6<\/a>, a beautiful, typically Swedish city in the middle of Sm\u00e5land (check out my post about V\u00e4xj\u00f6&#8217;s best places to visit: <a href=\"https:\/\/hejsweden.com\/en\/best-of-vaxjo-travel-tips-recommendations\/\" target=\"_blank\" rel=\"noreferrer noopener\"><em>One day in V\u00e4xj\u00f6 &#8211; what to do<\/em><\/a>), but I also lived in Ume\u00e5, Stockholm and Uppsala.<\/p>\n\n\n\n<h3 class=\"wp-block-heading\" id=\"how-come-you-ended-up-in-sweden\">How come you ended up in Sweden?<\/h3>\n\n\n\n<p>I came to Sweden as an exchange student from Germany. After two years of studies at the university in V\u00e4xj\u00f6 I graduated with a master&#8217;s degree (M.Sc.) in Business Administration\/International Marketing. After that, I went to Germany for one year, before moving back to V\u00e4xj\u00f6 again.<\/p>\n\n\n\n<h3 class=\"wp-block-heading\" id=\"what-are-you-working-with\">What are you working with?<\/h3>\n\n\n\n<p>Apart from running <em>Hej Sweden<\/em>, I&#8217;m an entrepreneur working with publishing, writing books and as well as creating graphic design.<\/p>\n\n\n\n<p>In early 2017, I published the book <em><a href=\"https:\/\/hejsweden.com\/htbs-amazon\">How to be Swedish &#8211; A Quick Guide to Swedishness &#8211; In 55 Steps<\/a><\/em>, (<a href=\"https:\/\/hejsweden.com\/htbs-amazon\">here on Amazon<\/a>), in which I summarize my Swedish experiences and countless culture crashes.<\/p>\n\n\n<div class=\"wp-block-image is-resized\">\n<figure class=\"aligncenter size-large\"><img loading=\"lazy\" decoding=\"async\" width=\"1240\" height=\"930\" src=\"https:\/\/hejsweden.com\/wp-content\/uploads\/2021\/02\/Book-ad-How-to-be-Swedish-table-dala-horse-2-1240x930.jpg\" alt=\"&quot;How to be Swedish&quot; book by Matthias Kamann\" class=\"wp-image-9106\" style=\"width:520px;height:auto\" srcset=\"https:\/\/hejsweden.com\/wp-content\/uploads\/2021\/02\/Book-ad-How-to-be-Swedish-table-dala-horse-2-1240x930.jpg 1240w, https:\/\/hejsweden.com\/wp-content\/uploads\/2021\/02\/Book-ad-How-to-be-Swedish-table-dala-horse-2-800x600.jpg 800w, https:\/\/hejsweden.com\/wp-content\/uploads\/2021\/02\/Book-ad-How-to-be-Swedish-table-dala-horse-2-300x225.jpg 300w, https:\/\/hejsweden.com\/wp-content\/uploads\/2021\/02\/Book-ad-How-to-be-Swedish-table-dala-horse-2-768x576.jpg 768w, https:\/\/hejsweden.com\/wp-content\/uploads\/2021\/02\/Book-ad-How-to-be-Swedish-table-dala-horse-2-1536x1152.jpg 1536w, https:\/\/hejsweden.com\/wp-content\/uploads\/2021\/02\/Book-ad-How-to-be-Swedish-table-dala-horse-2.jpg 1600w\" sizes=\"auto, (max-width: 1240px) 100vw, 1240px\" \/><figcaption class=\"wp-element-caption\"><a href=\"https:\/\/hejsweden.com\/htbs-amazon\" target=\"_blank\" rel=\"noreferrer noopener\">How to be Swedish &#8211; A Quick Guide to Swedishness &#8211; In 55 Steps<\/a><\/figcaption><\/figure>\n<\/div>\n\n\n<h3 class=\"wp-block-heading\" id=\"do-you-speak-swedish\">Do you speak Swedish?<\/h3>\n\n\n\n<p>I do. But as soon as I open my mouth Swedes instantly notice that I&#8217;m originally from Germany. That German accent is very, very persistent. After all, Swedish sounds as melodic as a happy bird singing on a sunny day in Spring. In contrast to that German sounds monotonous and harsh &#8211; according to some Swedes &#8211; like a machine. <br \/>So, I probably speak some sort of mechanical Swedish. <\/p>\n\n\n\n<p>Since I&#8217;m switching between English (work), German (family and old friends) and Swedish (well, everything else) several times a day, I can proudly claim that I do speak three languages pretty much fluently, but unfortunately none of which perfectly (my German has suffered substantially). So just as my German and Swedish, my English certainly isn&#8217;t without flaw. And I&#8217;m sure you have already noticed one or more mistakes on this page or any <a href=\"https:\/\/hejsweden.com\/en\/sweden-blog\/\" target=\"_blank\" rel=\"noreferrer noopener\">blog posts<\/a> you&#8217;ve read before you came here. To be honest, languages were never my strongest subjects in school (by the way neither was math, or physics, or geography, or chemistry, or &#8230; well, pretty much any other subject there is).<\/p>\n\n\n<div class=\"wp-block-image\">\n<figure class=\"aligncenter size-medium\"><img loading=\"lazy\" decoding=\"async\" width=\"600\" height=\"450\" src=\"https:\/\/hejsweden.com\/wp-content\/uploads\/2016\/08\/Matthias-Kamann-moose-h-600x450.jpg\" alt=\"\" class=\"wp-image-7585\" srcset=\"https:\/\/hejsweden.com\/wp-content\/uploads\/2016\/08\/Matthias-Kamann-moose-h-600x450.jpg 600w, https:\/\/hejsweden.com\/wp-content\/uploads\/2016\/08\/Matthias-Kamann-moose-h-300x225.jpg 300w, https:\/\/hejsweden.com\/wp-content\/uploads\/2016\/08\/Matthias-Kamann-moose-h-768x576.jpg 768w, https:\/\/hejsweden.com\/wp-content\/uploads\/2016\/08\/Matthias-Kamann-moose-h-1240x930.jpg 1240w, https:\/\/hejsweden.com\/wp-content\/uploads\/2016\/08\/Matthias-Kamann-moose-h.jpg 1280w\" sizes=\"auto, (max-width: 600px) 100vw, 600px\" \/><figcaption class=\"wp-element-caption\">Matthias &amp; moose (<a href=\"https:\/\/hejsweden.com\/en\/moose-parks-sweden\/\" target=\"_blank\" rel=\"noreferrer noopener\">moose park in Sm\u00e5land, Sweden<\/a>)<\/figcaption><\/figure>\n<\/div>\n\n\n<h3 class=\"wp-block-heading\" id=\"how-can-i-reach-you\">How can I reach you?<\/h3>\n\n\n\n<p>You can find my contact information on the <a href=\"https:\/\/hejsweden.com\/en\/contact\/\" target=\"_blank\" rel=\"noreferrer noopener\">contact page, here<\/a>.<\/p>\n\n\n\n<h2 class=\"wp-block-heading\" id=\"about-hej-sweden\">About <em>Hej Sweden<\/em><\/h2>\n\n\n\n<p><em>Hej Sweden<\/em> is a personal guide to Sweden and the Swedes. It&#8217;s for all&nbsp;who are interested in the Swedish country and lifestyle. <em>Hej Sweden<\/em> deals with questions like: What is<a href=\"https:\/\/hejsweden.com\/en\/typically-swedish\/\" target=\"_blank\" rel=\"noreferrer noopener\"> typically Swedish<\/a>? What is it that makes <a href=\"https:\/\/hejsweden.com\/en\/category\/living-and-working-in-sweden\/\" target=\"_blank\" rel=\"noreferrer noopener\">living in Sweden<\/a> such a&nbsp;pleasant experience? And what can be annoying? (<a href=\"https:\/\/hejsweden.com\/en\/swedish-culture-top-10\/\">Swedish culture<\/a>)<br \/>I also share my best <a href=\"https:\/\/hejsweden.com\/en\/sweden-travel-guide\/\">Sweden travel tips<\/a> and <a href=\"https:\/\/hejsweden.com\/en\/best-places-to-visit-in-sweden\/\" target=\"_blank\" rel=\"noreferrer noopener\">places to visit in Sweden<\/a>.<\/p>\n\n\n\n<h2 class=\"wp-block-heading\" id=\"stay-updated-and-follow-hej-sweden\">Stay updated and follow Hej Sweden<\/h2>\n\n\n\n<ul class=\"wp-block-list\">\n<li>YouTube: <a href=\"https:\/\/www.youtube.com\/user\/howtobeswedish\" target=\"_blank\" rel=\"noreferrer noopener\">HowtobeSwedish<\/a><\/li>\n\n\n\n<li>Instagram: <a href=\"https:\/\/www.instagram.com\/howtobeswedish\/\" target=\"_blank\" rel=\"noreferrer noopener\">HowtobeSwedish<\/a><\/li>\n\n\n\n<li>TikTok: <a href=\"https:\/\/www.tiktok.com\/@howtobeswedish\" target=\"_blank\" rel=\"noreferrer noopener\">HowtobeSwedish<\/a><\/li>\n\n\n\n<li>Facebook: <a href=\"https:\/\/www.facebook.com\/HejSweden\/\">HowtobeSwedish<\/a><\/li>\n\n\n\n<li>Pinterest: <a href=\"https:\/\/de.pinterest.com\/hejsweden\/\">HejSweden<\/a><\/li>\n<\/ul>\n\n\n\n<h3 class=\"wp-block-heading\" id=\"newsletter-mc-embed-signup-background-fff-clear-left-font-14px-helvetica-arial-sans-serif-amp-amp-lt-br-add-your-own-mailchimp-form-style-overrides-in-your-site-stylesheet-or-in-this-style-block-amp-amp-lt-br-we-recommend-moving-this-block-and-the-preceding-css-link-to-the-head-of-your-html-file-amp-amp-lt-br\">Newsletter<style type=\"text\/css\"> #mc_embed_signup{background:#fff; clear:left; font:14px Helvetica,Arial,sans-serif; }&amp;amp;amp;amp;lt;br \/> \/* Add your own MailChimp form style overrides in your site stylesheet or in this style block.&amp;amp;amp;amp;lt;br \/>    We recommend moving this block and the preceding CSS link to the HEAD of your HTML file. *\/&amp;amp;amp;amp;lt;br \/><\/style><\/h3>\n\n\n<div style=\"text-align: left\" class=\"sender-form-field\" data-sender-form-id=\"76fd7f85d29a3f8cHaH\"><\/div>\n\n\n<h3 class=\"wp-block-heading\">More about Sweden<\/h3>\n\n\n\n<ul class=\"wp-block-list\">\n<li><a href=\"https:\/\/hejsweden.com\/en\/swedish-culture-guide\/\">Swedish culture &#8211; quick guide<\/a><\/li>\n\n\n\n<li><a href=\"https:\/\/hejsweden.com\/en\/sweden-travel-guide\/\">Sweden travel guide<\/a><\/li>\n\n\n\n<li><a href=\"https:\/\/hejsweden.com\/en\/best-places-to-visit-in-sweden\/\">Best places to visit in Sweden<\/a><\/li>\n<\/ul>\n","protected":false},"excerpt":{"rendered":"<p>On this page you find out more about Hej Sweden and the person behind this blog. By the way, all content on Hej Sweden is written by me, Matthias.No guest posts!Do you want to cooperate &#8230; <a title=\"About Hej Sweden and Matthias\" class=\"read-more\" href=\"https:\/\/hejsweden.com\/en\/about\/\" aria-label=\"Read more about About Hej Sweden and Matthias\">Read more<\/a><\/p>\n","protected":false},"author":6,"featured_media":9146,"parent":0,"menu_order":0,"comment_status":"closed","ping_status":"closed","template":"","meta":{"generate_page_header":"","footnotes":""},"class_list":{"0":"post-902","1":"page","2":"type-page","3":"status-publish","4":"has-post-thumbnail","6":"infinite-scroll-item"},"yoast_head":"<!-- This site is optimized with the Yoast SEO plugin v27.4 - https:\/\/yoast.com\/product\/yoast-seo-wordpress\/ -->\n<title>About Hej Sweden and Matthias - Hej Sweden<\/title>\n<meta name=\"robots\" content=\"index, follow, max-snippet:-1, max-image-preview:large, max-video-preview:-1\" \/>\n<link rel=\"canonical\" href=\"https:\/\/hejsweden.com\/en\/about\/\" \/>\n<meta property=\"og:locale\" content=\"en_US\" \/>\n<meta property=\"og:type\" content=\"article\" \/>\n<meta property=\"og:title\" content=\"About Hej Sweden and Matthias - Hej Sweden\" \/>\n<meta property=\"og:description\" content=\"On this page you find out more about Hej Sweden and the person behind this blog. By the way, all content on Hej Sweden is written by me, Matthias.No guest posts!Do you want to cooperate ... Read more\" \/>\n<meta property=\"og:url\" content=\"https:\/\/hejsweden.com\/en\/about\/\" \/>\n<meta property=\"og:site_name\" content=\"Hej Sweden\" \/>\n<meta property=\"article:publisher\" content=\"https:\/\/www.facebook.com\/HejSweden\" \/>\n<meta property=\"article:modified_time\" content=\"2025-10-21T14:54:56+00:00\" \/>\n<meta property=\"og:image\" content=\"https:\/\/hejsweden.com\/wp-content\/uploads\/2021\/02\/Matthias-Kamann-Hej-Sweden-2021-2.jpg\" \/>\n\t<meta property=\"og:image:width\" content=\"800\" \/>\n\t<meta property=\"og:image:height\" content=\"546\" \/>\n\t<meta property=\"og:image:type\" content=\"image\/jpeg\" \/>\n<meta name=\"twitter:card\" content=\"summary_large_image\" \/>\n<meta name=\"twitter:site\" content=\"@HejSweden\" \/>\n<meta name=\"twitter:label1\" content=\"Est. reading time\" \/>\n\t<meta name=\"twitter:data1\" content=\"4 minutes\" \/>\n<script type=\"application\/ld+json\" class=\"yoast-schema-graph\">{\"@context\":\"https:\\\/\\\/schema.org\",\"@graph\":[{\"@type\":\"WebPage\",\"@id\":\"https:\\\/\\\/hejsweden.com\\\/en\\\/about\\\/\",\"url\":\"https:\\\/\\\/hejsweden.com\\\/en\\\/about\\\/\",\"name\":\"About Hej Sweden and Matthias - Hej Sweden\",\"isPartOf\":{\"@id\":\"https:\\\/\\\/hejsweden.com\\\/en\\\/#website\"},\"primaryImageOfPage\":{\"@id\":\"https:\\\/\\\/hejsweden.com\\\/en\\\/about\\\/#primaryimage\"},\"image\":{\"@id\":\"https:\\\/\\\/hejsweden.com\\\/en\\\/about\\\/#primaryimage\"},\"thumbnailUrl\":\"https:\\\/\\\/hejsweden.com\\\/wp-content\\\/uploads\\\/2021\\\/02\\\/Matthias-Kamann-Hej-Sweden-2021-2.jpg\",\"datePublished\":\"2012-08-02T10:45:29+00:00\",\"dateModified\":\"2025-10-21T14:54:56+00:00\",\"inLanguage\":\"en-US\",\"potentialAction\":[{\"@type\":\"ReadAction\",\"target\":[\"https:\\\/\\\/hejsweden.com\\\/en\\\/about\\\/\"]}]},{\"@type\":\"ImageObject\",\"inLanguage\":\"en-US\",\"@id\":\"https:\\\/\\\/hejsweden.com\\\/en\\\/about\\\/#primaryimage\",\"url\":\"https:\\\/\\\/hejsweden.com\\\/wp-content\\\/uploads\\\/2021\\\/02\\\/Matthias-Kamann-Hej-Sweden-2021-2.jpg\",\"contentUrl\":\"https:\\\/\\\/hejsweden.com\\\/wp-content\\\/uploads\\\/2021\\\/02\\\/Matthias-Kamann-Hej-Sweden-2021-2.jpg\",\"width\":800,\"height\":546,\"caption\":\"Matthias Kamann\"},{\"@type\":\"WebSite\",\"@id\":\"https:\\\/\\\/hejsweden.com\\\/en\\\/#website\",\"url\":\"https:\\\/\\\/hejsweden.com\\\/en\\\/\",\"name\":\"Hej Sweden\",\"description\":\"Experience Sweden &amp; Swedish Culture\",\"publisher\":{\"@id\":\"https:\\\/\\\/hejsweden.com\\\/en\\\/#organization\"},\"potentialAction\":[{\"@type\":\"SearchAction\",\"target\":{\"@type\":\"EntryPoint\",\"urlTemplate\":\"https:\\\/\\\/hejsweden.com\\\/en\\\/?s={search_term_string}\"},\"query-input\":{\"@type\":\"PropertyValueSpecification\",\"valueRequired\":true,\"valueName\":\"search_term_string\"}}],\"inLanguage\":\"en-US\"},{\"@type\":\"Organization\",\"@id\":\"https:\\\/\\\/hejsweden.com\\\/en\\\/#organization\",\"name\":\"Hej Sweden\",\"url\":\"https:\\\/\\\/hejsweden.com\\\/en\\\/\",\"logo\":{\"@type\":\"ImageObject\",\"inLanguage\":\"en-US\",\"@id\":\"https:\\\/\\\/hejsweden.com\\\/en\\\/#\\\/schema\\\/logo\\\/image\\\/\",\"url\":\"https:\\\/\\\/hejsweden.com\\\/wp-content\\\/uploads\\\/2020\\\/04\\\/Hej-Sweden-Logo-2020-03-3-blue-menu-HS-2.jpg\",\"contentUrl\":\"https:\\\/\\\/hejsweden.com\\\/wp-content\\\/uploads\\\/2020\\\/04\\\/Hej-Sweden-Logo-2020-03-3-blue-menu-HS-2.jpg\",\"width\":597,\"height\":162,\"caption\":\"Hej Sweden\"},\"image\":{\"@id\":\"https:\\\/\\\/hejsweden.com\\\/en\\\/#\\\/schema\\\/logo\\\/image\\\/\"},\"sameAs\":[\"https:\\\/\\\/www.facebook.com\\\/HejSweden\",\"https:\\\/\\\/x.com\\\/HejSweden\",\"https:\\\/\\\/instagram.com\\\/schwedenbilder\\\/\",\"https:\\\/\\\/www.linkedin.com\\\/company\\\/hej-sweden\\\/\",\"https:\\\/\\\/www.pinterest.com\\\/hejsweden\\\/\",\"https:\\\/\\\/www.youtube.com\\\/user\\\/HejSwedenTV\"]}]}<\/script>\n<!-- \/ Yoast SEO plugin. -->","yoast_head_json":{"title":"About Hej Sweden and Matthias - Hej Sweden","robots":{"index":"index","follow":"follow","max-snippet":"max-snippet:-1","max-image-preview":"max-image-preview:large","max-video-preview":"max-video-preview:-1"},"canonical":"https:\/\/hejsweden.com\/en\/about\/","og_locale":"en_US","og_type":"article","og_title":"About Hej Sweden and Matthias - Hej Sweden","og_description":"On this page you find out more about Hej Sweden and the person behind this blog. By the way, all content on Hej Sweden is written by me, Matthias.No guest posts!Do you want to cooperate ... Read more","og_url":"https:\/\/hejsweden.com\/en\/about\/","og_site_name":"Hej Sweden","article_publisher":"https:\/\/www.facebook.com\/HejSweden","article_modified_time":"2025-10-21T14:54:56+00:00","og_image":[{"width":800,"height":546,"url":"https:\/\/hejsweden.com\/wp-content\/uploads\/2021\/02\/Matthias-Kamann-Hej-Sweden-2021-2.jpg","type":"image\/jpeg"}],"twitter_card":"summary_large_image","twitter_site":"@HejSweden","twitter_misc":{"Est. reading time":"4 minutes"},"schema":{"@context":"https:\/\/schema.org","@graph":[{"@type":"WebPage","@id":"https:\/\/hejsweden.com\/en\/about\/","url":"https:\/\/hejsweden.com\/en\/about\/","name":"About Hej Sweden and Matthias - Hej Sweden","isPartOf":{"@id":"https:\/\/hejsweden.com\/en\/#website"},"primaryImageOfPage":{"@id":"https:\/\/hejsweden.com\/en\/about\/#primaryimage"},"image":{"@id":"https:\/\/hejsweden.com\/en\/about\/#primaryimage"},"thumbnailUrl":"https:\/\/hejsweden.com\/wp-content\/uploads\/2021\/02\/Matthias-Kamann-Hej-Sweden-2021-2.jpg","datePublished":"2012-08-02T10:45:29+00:00","dateModified":"2025-10-21T14:54:56+00:00","inLanguage":"en-US","potentialAction":[{"@type":"ReadAction","target":["https:\/\/hejsweden.com\/en\/about\/"]}]},{"@type":"ImageObject","inLanguage":"en-US","@id":"https:\/\/hejsweden.com\/en\/about\/#primaryimage","url":"https:\/\/hejsweden.com\/wp-content\/uploads\/2021\/02\/Matthias-Kamann-Hej-Sweden-2021-2.jpg","contentUrl":"https:\/\/hejsweden.com\/wp-content\/uploads\/2021\/02\/Matthias-Kamann-Hej-Sweden-2021-2.jpg","width":800,"height":546,"caption":"Matthias Kamann"},{"@type":"WebSite","@id":"https:\/\/hejsweden.com\/en\/#website","url":"https:\/\/hejsweden.com\/en\/","name":"Hej Sweden","description":"Experience Sweden &amp; Swedish Culture","publisher":{"@id":"https:\/\/hejsweden.com\/en\/#organization"},"potentialAction":[{"@type":"SearchAction","target":{"@type":"EntryPoint","urlTemplate":"https:\/\/hejsweden.com\/en\/?s={search_term_string}"},"query-input":{"@type":"PropertyValueSpecification","valueRequired":true,"valueName":"search_term_string"}}],"inLanguage":"en-US"},{"@type":"Organization","@id":"https:\/\/hejsweden.com\/en\/#organization","name":"Hej Sweden","url":"https:\/\/hejsweden.com\/en\/","logo":{"@type":"ImageObject","inLanguage":"en-US","@id":"https:\/\/hejsweden.com\/en\/#\/schema\/logo\/image\/","url":"https:\/\/hejsweden.com\/wp-content\/uploads\/2020\/04\/Hej-Sweden-Logo-2020-03-3-blue-menu-HS-2.jpg","contentUrl":"https:\/\/hejsweden.com\/wp-content\/uploads\/2020\/04\/Hej-Sweden-Logo-2020-03-3-blue-menu-HS-2.jpg","width":597,"height":162,"caption":"Hej Sweden"},"image":{"@id":"https:\/\/hejsweden.com\/en\/#\/schema\/logo\/image\/"},"sameAs":["https:\/\/www.facebook.com\/HejSweden","https:\/\/x.com\/HejSweden","https:\/\/instagram.com\/schwedenbilder\/","https:\/\/www.linkedin.com\/company\/hej-sweden\/","https:\/\/www.pinterest.com\/hejsweden\/","https:\/\/www.youtube.com\/user\/HejSwedenTV"]}]}},"featured_image_src":"https:\/\/hejsweden.com\/wp-content\/uploads\/2021\/02\/Matthias-Kamann-Hej-Sweden-2021-2-600x400.jpg","featured_image_src_square":"https:\/\/hejsweden.com\/wp-content\/uploads\/2021\/02\/Matthias-Kamann-Hej-Sweden-2021-2-600x546.jpg","_links":{"self":[{"href":"https:\/\/hejsweden.com\/en\/wp-json\/wp\/v2\/pages\/902","targetHints":{"allow":["GET"]}}],"collection":[{"href":"https:\/\/hejsweden.com\/en\/wp-json\/wp\/v2\/pages"}],"about":[{"href":"https:\/\/hejsweden.com\/en\/wp-json\/wp\/v2\/types\/page"}],"author":[{"embeddable":true,"href":"https:\/\/hejsweden.com\/en\/wp-json\/wp\/v2\/users\/6"}],"replies":[{"embeddable":true,"href":"https:\/\/hejsweden.com\/en\/wp-json\/wp\/v2\/comments?post=902"}],"version-history":[{"count":6,"href":"https:\/\/hejsweden.com\/en\/wp-json\/wp\/v2\/pages\/902\/revisions"}],"predecessor-version":[{"id":15722,"href":"https:\/\/hejsweden.com\/en\/wp-json\/wp\/v2\/pages\/902\/revisions\/15722"}],"wp:featuredmedia":[{"embeddable":true,"href":"https:\/\/hejsweden.com\/en\/wp-json\/wp\/v2\/media\/9146"}],"wp:attachment":[{"href":"https:\/\/hejsweden.com\/en\/wp-json\/wp\/v2\/media?parent=902"}],"curies":[{"name":"wp","href":"https:\/\/api.w.org\/{rel}","templated":true}]}}