{"id":11720,"date":"2022-12-07T15:46:05","date_gmt":"2022-12-07T14:46:05","guid":{"rendered":"https:\/\/hejsweden.com\/?page_id=11720"},"modified":"2022-12-07T15:46:34","modified_gmt":"2022-12-07T14:46:34","slug":"about","status":"publish","type":"page","link":"https:\/\/hejsweden.com\/nl\/about\/","title":{"rendered":"Over Hej Sweden en Matthias"},"content":{"rendered":"\n<p>Op deze pagina kom je meer te weten over Hej Sweden en de persoon achter deze blog.<\/p>\n\n\n\n<p class=\"has-base-background-color has-background\">Trouwens,\u00a0<strong>alle content op Hej Sweden is geschreven door mij, Matthias.<\/strong><br \/><strong>Geen gastberichten!<\/strong><br \/><a href=\"https:\/\/hejsweden.com\/en\/cooperation\/\" target=\"_blank\" rel=\"noreferrer noopener\">Samenwerken met\u00a0<strong>Hej<\/strong>\u00a0Sweden?\u00a0Hier is hoe (in Engels).<\/a><\/p>\n\n\n\n<h2 class=\"wp-block-heading\" id=\"hejsan-jag-heter-matthias\"><em>Hejsan, jag heter Matthias!<\/em><\/h2>\n\n\n\n<p>Hallo, mijn naam is Matthijs!<\/p>\n\n\n<div class=\"wp-block-image\">\n<figure class=\"aligncenter size-thumbnail is-resized\"><img loading=\"lazy\" decoding=\"async\" src=\"https:\/\/hejsweden.com\/wp-content\/uploads\/2016\/08\/Matthias-Kamann-moose-h-300x225.jpg\" alt=\"\" class=\"wp-image-11080\" width=\"300\" height=\"225\" srcset=\"https:\/\/hejsweden.com\/wp-content\/uploads\/2016\/08\/Matthias-Kamann-moose-h-300x225.jpg 300w, https:\/\/hejsweden.com\/wp-content\/uploads\/2016\/08\/Matthias-Kamann-moose-h-600x450.jpg 600w, https:\/\/hejsweden.com\/wp-content\/uploads\/2016\/08\/Matthias-Kamann-moose-h-768x576.jpg 768w, https:\/\/hejsweden.com\/wp-content\/uploads\/2016\/08\/Matthias-Kamann-moose-h-1240x930.jpg 1240w, https:\/\/hejsweden.com\/wp-content\/uploads\/2016\/08\/Matthias-Kamann-moose-h.jpg 1280w\" sizes=\"auto, (max-width: 300px) 100vw, 300px\" \/><\/figure>\n<\/div>\n\n\n<p>Ik denk dat ik gewoon een paar vragen zal beantwoorden die ik regelmatig krijg als ik nieuwe mensen ontmoet in\u00a0Zweden\u00a0.<\/p>\n\n\n\n<h3 class=\"wp-block-heading\" id=\"who-are-you\">Wie ben jij?<\/h3>\n\n\n\n<p>Mijn naam is Matthias Kamann.&nbsp;Als Zweden mijn voornaam uitspreken, klinkt het een beetje als&nbsp;<em><strong>Matteeejjas<\/strong><\/em>&nbsp;.<\/p>\n\n\n\n<h3 class=\"wp-block-heading\" id=\"where-do-you-live\">Waar woon jij?<\/h3>\n\n\n\n<p>Ik woon in een gezellig stadje in het zuiden van Zweden, genaamd Kristianstad.\u00a0Mensen in Kristianstad spreken\u00a0<em>sk\u00e5nska<\/em>\u00a0, een Zweeds dialect waar Zweden uit andere regio&#8217;s de spot mee drijven.\u00a0Maar niet zoveel als over mijn Duitse accent. \ud83d\ude05<\/p>\n\n\n\n<h3 class=\"wp-block-heading\" id=\"how-long-have-you-been-living-in-sweden\">Hoe lang woon je al in Zweden?<\/h3>\n\n\n\n<p>Al meer dan 10 jaar.\u00a0De meeste van deze jaren heb ik in\u00a0<a href=\"https:\/\/hejsweden.com\/en\/travel-guide-vaxjo-smaland-sweden\/\" target=\"_blank\" rel=\"noreferrer noopener\">V\u00e4xj\u00f6<\/a>\u00a0gewoond , een prachtige, typisch Zweedse stad in het midden van Sm\u00e5land (bekijk mijn bericht over V\u00e4xj\u00f6&#8217;s beste plaatsen om te bezoeken:\u00a0<a href=\"https:\/\/hejsweden.com\/en\/best-of-vaxjo-travel-tips-recommendations\/\" target=\"_blank\" rel=\"noreferrer noopener\"><em>Een dag in V\u00e4xj\u00f6 \u2013 wat te doen<\/em> (in Engels)<\/a>), maar ik heb ook in Ume\u00e5 gewoond , Stockholm en Uppsala.<\/p>\n\n\n\n<h3 class=\"wp-block-heading\" id=\"how-come-you-ended-up-in-sweden\">Hoe komt het dat je in Zweden terecht bent gekomen?<\/h3>\n\n\n\n<p>Ik kwam naar Zweden als uitwisselingsstudent uit Duitsland.\u00a0Na twee jaar studeren aan de universiteit in V\u00e4xj\u00f6 ben ik afgestudeerd met een master&#8217;s degree (M.Sc.) in Business Administration\/International Marketing.\u00a0Daarna ging ik voor een jaar naar Duitsland, voordat ik weer terugging naar V\u00e4xj\u00f6.<\/p>\n\n\n\n<h3 class=\"wp-block-heading\" id=\"what-are-you-working-with\">Waar werk je mee?<\/h3>\n\n\n\n<p>Naast het runnen van&nbsp;<em>Hej Sweden<\/em>&nbsp;, ben ik een ondernemer die werkt met publiceren, boeken schrijven en grafisch ontwerp maken.<\/p>\n\n\n\n<p>Begin 2017 publiceerde ik het boek\u00a0<em><a href=\"https:\/\/www.amazon.nl\/How-Swedish-Quick-Guide-Swedishness\/dp\/9198379909\" target=\"_blank\" rel=\"noreferrer noopener\">How to be Swedish \u2013 A Quick Guide to Swedishness \u2013 In 55 Steps<\/a><\/em>\u00a0, (\u00a0<a href=\"https:\/\/www.amazon.nl\/How-Swedish-Quick-Guide-Swedishness\/dp\/9198379909\">hier op Amazon<\/a>\u00a0), waarin ik mijn Zweedse ervaringen en talloze cultuurcrashes samenvat.<\/p>\n\n\n<div class=\"wp-block-image\">\n<figure class=\"aligncenter size-medium is-resized\"><img loading=\"lazy\" decoding=\"async\" src=\"https:\/\/hejsweden.com\/wp-content\/uploads\/2022\/12\/Book-ad-How-to-be-Swedish-table-dala-horse-2-800x600.jpg\" alt=\"How to be Swedish - Boek over de Zweedse cultuur in het engels\" class=\"wp-image-11714\" width=\"400\" height=\"300\" srcset=\"https:\/\/hejsweden.com\/wp-content\/uploads\/2022\/12\/Book-ad-How-to-be-Swedish-table-dala-horse-2-800x600.jpg 800w, https:\/\/hejsweden.com\/wp-content\/uploads\/2022\/12\/Book-ad-How-to-be-Swedish-table-dala-horse-2-1240x930.jpg 1240w, https:\/\/hejsweden.com\/wp-content\/uploads\/2022\/12\/Book-ad-How-to-be-Swedish-table-dala-horse-2-300x225.jpg 300w, https:\/\/hejsweden.com\/wp-content\/uploads\/2022\/12\/Book-ad-How-to-be-Swedish-table-dala-horse-2-768x576.jpg 768w, https:\/\/hejsweden.com\/wp-content\/uploads\/2022\/12\/Book-ad-How-to-be-Swedish-table-dala-horse-2-1536x1152.jpg 1536w, https:\/\/hejsweden.com\/wp-content\/uploads\/2022\/12\/Book-ad-How-to-be-Swedish-table-dala-horse-2.jpg 1600w\" sizes=\"auto, (max-width: 400px) 100vw, 400px\" \/><\/figure>\n<\/div>\n\n\n<h3 class=\"wp-block-heading\" id=\"do-you-speak-swedish\">Spreek je Zweeds?<\/h3>\n\n\n\n<p>Ik doe.\u00a0Maar zodra ik mijn mond opendoe, merken de Zweden meteen dat ik oorspronkelijk uit Duitsland kom.\u00a0Dat Duitse accent is heel, heel hardnekkig.\u00a0Het Zweeds klinkt immers zo melodieus als een vrolijke vogel die zingt op een zonnige lentedag.\u00a0In tegenstelling daarmee klinkt Duits eentonig en hard \u2013 volgens sommige Zweden \u2013 als een machine.<br \/>Dus ik spreek waarschijnlijk een soort mechanisch Zweeds.<\/p>\n\n\n\n<p>Aangezien ik meerdere keren per dag wissel tussen Engels (werk), Duits (familie en oude vrienden) en Zweeds (nou ja, al het andere), kan ik met trots beweren dat ik drie talen vrijwel vloeiend spreek, maar helaas geen enkele waarvan perfect (mijn Duits heeft er flink onder geleden).\u00a0Dus net als mijn Duits en Zweeds is ook mijn Engels zeker niet foutloos.<\/p>\n\n\n\n<h3 class=\"wp-block-heading\" id=\"how-can-i-reach-you\">Hoe kan ik je bereiken?<\/h3>\n\n\n\n<p>U kunt mijn contactgegevens vinden op de\u00a0<a href=\"https:\/\/hejsweden.com\/nl\/contact\/\" target=\"_blank\" rel=\"noreferrer noopener\">contactpagina, hier<\/a>.<\/p>\n\n\n\n<h2 class=\"wp-block-heading\" id=\"about-hej-sweden\">Over\u00a0<em>Hej Sweden<\/em><\/h2>\n\n\n\n<p><em>Hej Sweden<\/em>\u00a0is een persoonlijke gids voor Zweden en de Zweden.\u00a0Het is voor iedereen die ge\u00efnteresseerd is in het Zweedse land en de levensstijl.\u00a0<em>Hej Sweden<\/em>\u00a0behandelt vragen als: Wat is\u00a0typisch Zweeds\u00a0?\u00a0Wat maakt\u00a0wonen in Zweden\u00a0zo aangenaam?\u00a0En wat kan vervelend zijn?<\/p>\n\n\n\n<h2 class=\"wp-block-heading\" id=\"stay-updated-and-follow-hej-sweden\">Blijf op de hoogte en volg Hej Sweden<\/h2>\n\n\n\n<ul class=\"wp-block-list\">\n<li>YouTube:&nbsp;<a href=\"https:\/\/translate.google.com\/website?sl=de&amp;tl=nl&amp;hl=en-US&amp;client=webapp&amp;u=https:\/\/www.youtube.com\/user\/HejSwedenTV\">HejZwedenTV<\/a><\/li>\n\n\n\n<li>TikTok:&nbsp;<a href=\"https:\/\/translate.google.com\/website?sl=de&amp;tl=nl&amp;hl=en-US&amp;client=webapp&amp;u=https:\/\/www.tiktok.com\/@hejswedentv\" target=\"_blank\" rel=\"noreferrer noopener\">HejSwedenTV<\/a><\/li>\n\n\n\n<li>Instagram:&nbsp;<a href=\"https:\/\/translate.google.com\/website?sl=de&amp;tl=nl&amp;hl=en-US&amp;client=webapp&amp;u=https:\/\/www.instagram.com\/hejsweden\/\">HejZweden<\/a><\/li>\n\n\n\n<li>Facebook:&nbsp;<a href=\"https:\/\/translate.google.com\/website?sl=de&amp;tl=nl&amp;hl=en-US&amp;client=webapp&amp;u=https:\/\/www.facebook.com\/HejSweden\/\">HejZweden<\/a><\/li>\n\n\n\n<li>Pinterest:&nbsp;<a href=\"https:\/\/translate.google.com\/website?sl=de&amp;tl=nl&amp;hl=en-US&amp;client=webapp&amp;u=https:\/\/de.pinterest.com\/hejsweden\/\">HejZweden<\/a><\/li>\n\n\n\n<li>Twitter:&nbsp;<a href=\"https:\/\/translate.google.com\/website?sl=de&amp;tl=nl&amp;hl=en-US&amp;client=webapp&amp;u=https:\/\/twitter.com\/hejsweden\">HejZweden<\/a><\/li>\n<\/ul>\n","protected":false},"excerpt":{"rendered":"<p>Op deze pagina kom je meer te weten over Hej Sweden en de persoon achter deze blog. Trouwens,\u00a0alle content op Hej Sweden is geschreven door mij, Matthias.Geen gastberichten!Samenwerken met\u00a0Hej\u00a0Sweden?\u00a0Hier is hoe (in Engels). Hejsan, jag &#8230; <a title=\"Over Hej Sweden en Matthias\" class=\"read-more\" href=\"https:\/\/hejsweden.com\/nl\/about\/\" aria-label=\"Lees meer over Over Hej Sweden en Matthias\">Read more<\/a><\/p>\n","protected":false},"author":6,"featured_media":0,"parent":0,"menu_order":0,"comment_status":"closed","ping_status":"closed","template":"","meta":{"generate_page_header":"","footnotes":""},"class_list":{"0":"post-11720","1":"page","2":"type-page","3":"status-publish","5":"infinite-scroll-item"},"yoast_head":"<!-- This site is optimized with the Yoast SEO plugin v27.5 - https:\/\/yoast.com\/product\/yoast-seo-wordpress\/ -->\n<title>Over Hej Sweden en Matthias - Hej Sweden<\/title>\n<meta name=\"robots\" content=\"index, follow, max-snippet:-1, max-image-preview:large, max-video-preview:-1\" \/>\n<link rel=\"canonical\" href=\"https:\/\/hejsweden.com\/nl\/about\/\" \/>\n<meta property=\"og:locale\" content=\"nl_NL\" \/>\n<meta property=\"og:type\" content=\"article\" \/>\n<meta property=\"og:title\" content=\"Over Hej Sweden en Matthias - Hej Sweden\" \/>\n<meta property=\"og:description\" content=\"Op deze pagina kom je meer te weten over Hej Sweden en de persoon achter deze blog. Trouwens,\u00a0alle content op Hej Sweden is geschreven door mij, Matthias.Geen gastberichten!Samenwerken met\u00a0Hej\u00a0Sweden?\u00a0Hier is hoe (in Engels). Hejsan, jag ... Read more\" \/>\n<meta property=\"og:url\" content=\"https:\/\/hejsweden.com\/nl\/about\/\" \/>\n<meta property=\"og:site_name\" content=\"Hej Sweden\" \/>\n<meta property=\"article:publisher\" content=\"https:\/\/www.facebook.com\/HejSweden\" \/>\n<meta property=\"article:modified_time\" content=\"2022-12-07T14:46:34+00:00\" \/>\n<meta property=\"og:image\" content=\"https:\/\/hejsweden.com\/wp-content\/uploads\/2016\/08\/Matthias-Kamann-moose-h-300x225.jpg\" \/>\n<meta name=\"twitter:card\" content=\"summary_large_image\" \/>\n<meta name=\"twitter:site\" content=\"@HejSweden\" \/>\n<meta name=\"twitter:label1\" content=\"Geschatte leestijd\" \/>\n\t<meta name=\"twitter:data1\" content=\"3 minuten\" \/>\n<script type=\"application\/ld+json\" class=\"yoast-schema-graph\">{\"@context\":\"https:\\\/\\\/schema.org\",\"@graph\":[{\"@type\":\"WebPage\",\"@id\":\"https:\\\/\\\/hejsweden.com\\\/nl\\\/about\\\/\",\"url\":\"https:\\\/\\\/hejsweden.com\\\/nl\\\/about\\\/\",\"name\":\"Over Hej Sweden en Matthias - Hej Sweden\",\"isPartOf\":{\"@id\":\"https:\\\/\\\/hejsweden.com\\\/nl\\\/#website\"},\"primaryImageOfPage\":{\"@id\":\"https:\\\/\\\/hejsweden.com\\\/nl\\\/about\\\/#primaryimage\"},\"image\":{\"@id\":\"https:\\\/\\\/hejsweden.com\\\/nl\\\/about\\\/#primaryimage\"},\"thumbnailUrl\":\"https:\\\/\\\/hejsweden.com\\\/wp-content\\\/uploads\\\/2016\\\/08\\\/Matthias-Kamann-moose-h-300x225.jpg\",\"datePublished\":\"2022-12-07T14:46:05+00:00\",\"dateModified\":\"2022-12-07T14:46:34+00:00\",\"inLanguage\":\"nl-NL\",\"potentialAction\":[{\"@type\":\"ReadAction\",\"target\":[\"https:\\\/\\\/hejsweden.com\\\/nl\\\/about\\\/\"]}]},{\"@type\":\"ImageObject\",\"inLanguage\":\"nl-NL\",\"@id\":\"https:\\\/\\\/hejsweden.com\\\/nl\\\/about\\\/#primaryimage\",\"url\":\"https:\\\/\\\/hejsweden.com\\\/wp-content\\\/uploads\\\/2016\\\/08\\\/Matthias-Kamann-moose-h-300x225.jpg\",\"contentUrl\":\"https:\\\/\\\/hejsweden.com\\\/wp-content\\\/uploads\\\/2016\\\/08\\\/Matthias-Kamann-moose-h-300x225.jpg\"},{\"@type\":\"WebSite\",\"@id\":\"https:\\\/\\\/hejsweden.com\\\/nl\\\/#website\",\"url\":\"https:\\\/\\\/hejsweden.com\\\/nl\\\/\",\"name\":\"Hej Sweden\",\"description\":\"Experience Sweden &amp; Swedish Culture\",\"publisher\":{\"@id\":\"https:\\\/\\\/hejsweden.com\\\/nl\\\/#organization\"},\"potentialAction\":[{\"@type\":\"SearchAction\",\"target\":{\"@type\":\"EntryPoint\",\"urlTemplate\":\"https:\\\/\\\/hejsweden.com\\\/nl\\\/?s={search_term_string}\"},\"query-input\":{\"@type\":\"PropertyValueSpecification\",\"valueRequired\":true,\"valueName\":\"search_term_string\"}}],\"inLanguage\":\"nl-NL\"},{\"@type\":\"Organization\",\"@id\":\"https:\\\/\\\/hejsweden.com\\\/nl\\\/#organization\",\"name\":\"Hej Sweden\",\"url\":\"https:\\\/\\\/hejsweden.com\\\/nl\\\/\",\"logo\":{\"@type\":\"ImageObject\",\"inLanguage\":\"nl-NL\",\"@id\":\"https:\\\/\\\/hejsweden.com\\\/nl\\\/#\\\/schema\\\/logo\\\/image\\\/\",\"url\":\"https:\\\/\\\/hejsweden.com\\\/wp-content\\\/uploads\\\/2020\\\/04\\\/Hej-Sweden-Logo-2020-03-3-blue-menu-HS-2.jpg\",\"contentUrl\":\"https:\\\/\\\/hejsweden.com\\\/wp-content\\\/uploads\\\/2020\\\/04\\\/Hej-Sweden-Logo-2020-03-3-blue-menu-HS-2.jpg\",\"width\":597,\"height\":162,\"caption\":\"Hej Sweden\"},\"image\":{\"@id\":\"https:\\\/\\\/hejsweden.com\\\/nl\\\/#\\\/schema\\\/logo\\\/image\\\/\"},\"sameAs\":[\"https:\\\/\\\/www.facebook.com\\\/HejSweden\",\"https:\\\/\\\/x.com\\\/HejSweden\",\"https:\\\/\\\/instagram.com\\\/schwedenbilder\\\/\",\"https:\\\/\\\/www.linkedin.com\\\/company\\\/hej-sweden\\\/\",\"https:\\\/\\\/www.pinterest.com\\\/hejsweden\\\/\",\"https:\\\/\\\/www.youtube.com\\\/user\\\/HejSwedenTV\"]}]}<\/script>\n<!-- \/ Yoast SEO plugin. -->","yoast_head_json":{"title":"Over Hej Sweden en Matthias - Hej Sweden","robots":{"index":"index","follow":"follow","max-snippet":"max-snippet:-1","max-image-preview":"max-image-preview:large","max-video-preview":"max-video-preview:-1"},"canonical":"https:\/\/hejsweden.com\/nl\/about\/","og_locale":"nl_NL","og_type":"article","og_title":"Over Hej Sweden en Matthias - Hej Sweden","og_description":"Op deze pagina kom je meer te weten over Hej Sweden en de persoon achter deze blog. Trouwens,\u00a0alle content op Hej Sweden is geschreven door mij, Matthias.Geen gastberichten!Samenwerken met\u00a0Hej\u00a0Sweden?\u00a0Hier is hoe (in Engels). Hejsan, jag ... Read more","og_url":"https:\/\/hejsweden.com\/nl\/about\/","og_site_name":"Hej Sweden","article_publisher":"https:\/\/www.facebook.com\/HejSweden","article_modified_time":"2022-12-07T14:46:34+00:00","og_image":[{"url":"https:\/\/hejsweden.com\/wp-content\/uploads\/2016\/08\/Matthias-Kamann-moose-h-300x225.jpg","type":"","width":"","height":""}],"twitter_card":"summary_large_image","twitter_site":"@HejSweden","twitter_misc":{"Geschatte leestijd":"3 minuten"},"schema":{"@context":"https:\/\/schema.org","@graph":[{"@type":"WebPage","@id":"https:\/\/hejsweden.com\/nl\/about\/","url":"https:\/\/hejsweden.com\/nl\/about\/","name":"Over Hej Sweden en Matthias - Hej Sweden","isPartOf":{"@id":"https:\/\/hejsweden.com\/nl\/#website"},"primaryImageOfPage":{"@id":"https:\/\/hejsweden.com\/nl\/about\/#primaryimage"},"image":{"@id":"https:\/\/hejsweden.com\/nl\/about\/#primaryimage"},"thumbnailUrl":"https:\/\/hejsweden.com\/wp-content\/uploads\/2016\/08\/Matthias-Kamann-moose-h-300x225.jpg","datePublished":"2022-12-07T14:46:05+00:00","dateModified":"2022-12-07T14:46:34+00:00","inLanguage":"nl-NL","potentialAction":[{"@type":"ReadAction","target":["https:\/\/hejsweden.com\/nl\/about\/"]}]},{"@type":"ImageObject","inLanguage":"nl-NL","@id":"https:\/\/hejsweden.com\/nl\/about\/#primaryimage","url":"https:\/\/hejsweden.com\/wp-content\/uploads\/2016\/08\/Matthias-Kamann-moose-h-300x225.jpg","contentUrl":"https:\/\/hejsweden.com\/wp-content\/uploads\/2016\/08\/Matthias-Kamann-moose-h-300x225.jpg"},{"@type":"WebSite","@id":"https:\/\/hejsweden.com\/nl\/#website","url":"https:\/\/hejsweden.com\/nl\/","name":"Hej Sweden","description":"Experience Sweden &amp; Swedish Culture","publisher":{"@id":"https:\/\/hejsweden.com\/nl\/#organization"},"potentialAction":[{"@type":"SearchAction","target":{"@type":"EntryPoint","urlTemplate":"https:\/\/hejsweden.com\/nl\/?s={search_term_string}"},"query-input":{"@type":"PropertyValueSpecification","valueRequired":true,"valueName":"search_term_string"}}],"inLanguage":"nl-NL"},{"@type":"Organization","@id":"https:\/\/hejsweden.com\/nl\/#organization","name":"Hej Sweden","url":"https:\/\/hejsweden.com\/nl\/","logo":{"@type":"ImageObject","inLanguage":"nl-NL","@id":"https:\/\/hejsweden.com\/nl\/#\/schema\/logo\/image\/","url":"https:\/\/hejsweden.com\/wp-content\/uploads\/2020\/04\/Hej-Sweden-Logo-2020-03-3-blue-menu-HS-2.jpg","contentUrl":"https:\/\/hejsweden.com\/wp-content\/uploads\/2020\/04\/Hej-Sweden-Logo-2020-03-3-blue-menu-HS-2.jpg","width":597,"height":162,"caption":"Hej Sweden"},"image":{"@id":"https:\/\/hejsweden.com\/nl\/#\/schema\/logo\/image\/"},"sameAs":["https:\/\/www.facebook.com\/HejSweden","https:\/\/x.com\/HejSweden","https:\/\/instagram.com\/schwedenbilder\/","https:\/\/www.linkedin.com\/company\/hej-sweden\/","https:\/\/www.pinterest.com\/hejsweden\/","https:\/\/www.youtube.com\/user\/HejSwedenTV"]}]}},"featured_image_src":null,"featured_image_src_square":null,"_links":{"self":[{"href":"https:\/\/hejsweden.com\/nl\/wp-json\/wp\/v2\/pages\/11720","targetHints":{"allow":["GET"]}}],"collection":[{"href":"https:\/\/hejsweden.com\/nl\/wp-json\/wp\/v2\/pages"}],"about":[{"href":"https:\/\/hejsweden.com\/nl\/wp-json\/wp\/v2\/types\/page"}],"author":[{"embeddable":true,"href":"https:\/\/hejsweden.com\/nl\/wp-json\/wp\/v2\/users\/6"}],"replies":[{"embeddable":true,"href":"https:\/\/hejsweden.com\/nl\/wp-json\/wp\/v2\/comments?post=11720"}],"version-history":[{"count":0,"href":"https:\/\/hejsweden.com\/nl\/wp-json\/wp\/v2\/pages\/11720\/revisions"}],"wp:attachment":[{"href":"https:\/\/hejsweden.com\/nl\/wp-json\/wp\/v2\/media?parent=11720"}],"curies":[{"name":"wp","href":"https:\/\/api.w.org\/{rel}","templated":true}]}}